{"id":2112,"date":"2023-06-12T10:46:29","date_gmt":"2023-06-12T10:46:29","guid":{"rendered":"https:\/\/argisun.com\/zerbitzuak\/"},"modified":"2023-09-15T10:49:36","modified_gmt":"2023-09-15T10:49:36","slug":"zerbitzuak","status":"publish","type":"page","link":"https:\/\/argisun.com\/eu\/zerbitzuak\/","title":{"rendered":"Zerbitzuak"},"content":{"rendered":"\t\t<div data-elementor-type=\"wp-page\" data-elementor-id=\"2112\" class=\"elementor elementor-2112 elementor-20\" data-elementor-post-type=\"page\">\n\t\t\t\t<div class=\"elementor-element elementor-element-c21bd72 e-con-full e-flex e-con e-parent\" data-id=\"c21bd72\" data-element_type=\"container\" data-settings=\"{&quot;background_background&quot;:&quot;classic&quot;}\">\n\t\t<div class=\"elementor-element elementor-element-3c2b143c e-con-full e-flex e-con e-child\" data-id=\"3c2b143c\" data-element_type=\"container\">\n\t\t\t\t<div class=\"elementor-element elementor-element-524efda elementor-widget-divider--view-line elementor-invisible elementor-widget elementor-widget-divider\" data-id=\"524efda\" data-element_type=\"widget\" data-settings=\"{&quot;_animation&quot;:&quot;fadeInLeft&quot;}\" data-widget_type=\"divider.default\">\n\t\t\t\t<div class=\"elementor-widget-container\">\n\t\t\t\t\t\t\t<div class=\"elementor-divider\">\n\t\t\t<span class=\"elementor-divider-separator\">\n\t\t\t\t\t\t<\/span>\n\t\t<\/div>\n\t\t\t\t\t\t<\/div>\n\t\t\t\t<\/div>\n\t\t\t\t<div class=\"elementor-element elementor-element-50e74134 elementor-widget elementor-widget-heading\" data-id=\"50e74134\" data-element_type=\"widget\" data-widget_type=\"heading.default\">\n\t\t\t\t<div class=\"elementor-widget-container\">\n\t\t\t\t\t<h1 class=\"elementor-heading-title elementor-size-default\">Zure lasaitasun osorako irtenbide integralak<\/h1>\t\t\t\t<\/div>\n\t\t\t\t<\/div>\n\t\t\t\t<div class=\"elementor-element elementor-element-27b6ddf5 elementor-invisible elementor-widget elementor-widget-text-editor\" data-id=\"27b6ddf5\" data-element_type=\"widget\" data-settings=\"{&quot;_animation&quot;:&quot;fadeInUp&quot;}\" data-widget_type=\"text-editor.default\">\n\t\t\t\t<div class=\"elementor-widget-container\">\n\t\t\t\t\t\t\t\t\t<p>Zure soluzioan lan egingo dugu lehenengo bisitatik martxan jarri arte. Laguntza tekniko pertsonalizatua eskaintzen dugu.<\/p>\n\t\t\t\t\t\t\t\t<\/div>\n\t\t\t\t<\/div>\n\t\t\t\t<div class=\"elementor-element elementor-element-4b0c5e72 elementor-align-left elementor-mobile-align-center elementor-tablet-align-center elementor-widget elementor-widget-button\" data-id=\"4b0c5e72\" data-element_type=\"widget\" data-widget_type=\"button.default\">\n\t\t\t\t<div class=\"elementor-widget-container\">\n\t\t\t\t\t\t\t\t\t<div class=\"elementor-button-wrapper\">\n\t\t\t\t\t<a class=\"elementor-button elementor-button-link elementor-size-sm elementor-animation-grow\" href=\"#proceso\">\n\t\t\t\t\t\t<span class=\"elementor-button-content-wrapper\">\n\t\t\t\t\t\t\t\t\t<span class=\"elementor-button-text\">Nola egiten dugu lan?<\/span>\n\t\t\t\t\t<\/span>\n\t\t\t\t\t<\/a>\n\t\t\t\t<\/div>\n\t\t\t\t\t\t\t\t<\/div>\n\t\t\t\t<\/div>\n\t\t\t\t<\/div>\n\t\t\t\t<div class=\"elementor-element elementor-element-1cef4fa4 elementor-widget__width-initial elementor-widget-tablet__width-inherit elementor-widget elementor-widget-image\" data-id=\"1cef4fa4\" data-element_type=\"widget\" data-widget_type=\"image.default\">\n\t\t\t\t<div class=\"elementor-widget-container\">\n\t\t\t\t\t\t\t\t\t\t\t\t\t\t\t<img fetchpriority=\"high\" decoding=\"async\" width=\"800\" height=\"323\" src=\"https:\/\/argisun.com\/wp-content\/uploads\/2023\/07\/argisun_servicios-1024x414.jpg\" class=\"attachment-large size-large wp-image-1739\" alt=\"\" srcset=\"https:\/\/argisun.com\/wp-content\/uploads\/2023\/07\/argisun_servicios-1024x414.jpg 1024w, https:\/\/argisun.com\/wp-content\/uploads\/2023\/07\/argisun_servicios-300x121.jpg 300w, https:\/\/argisun.com\/wp-content\/uploads\/2023\/07\/argisun_servicios-768x310.jpg 768w, https:\/\/argisun.com\/wp-content\/uploads\/2023\/07\/argisun_servicios-1536x621.jpg 1536w, https:\/\/argisun.com\/wp-content\/uploads\/2023\/07\/argisun_servicios-2048x828.jpg 2048w\" sizes=\"(max-width: 800px) 100vw, 800px\" \/>\t\t\t\t\t\t\t\t\t\t\t\t\t\t\t<\/div>\n\t\t\t\t<\/div>\n\t\t\t\t<\/div>\n\t\t<div class=\"elementor-element elementor-element-f15bc4e e-con-full e-flex e-con e-parent\" data-id=\"f15bc4e\" data-element_type=\"container\" id=\"proceso\" data-settings=\"{&quot;background_background&quot;:&quot;classic&quot;}\">\n\t\t<div class=\"elementor-element elementor-element-b783f08 e-con-full e-flex e-con e-child\" data-id=\"b783f08\" data-element_type=\"container\">\n\t\t\t\t<div class=\"elementor-element elementor-element-8e620b9 elementor-widget elementor-widget-heading\" data-id=\"8e620b9\" data-element_type=\"widget\" data-widget_type=\"heading.default\">\n\t\t\t\t<div class=\"elementor-widget-container\">\n\t\t\t\t\t<p class=\"elementor-heading-title elementor-size-default\">Lan prozesua<\/p>\t\t\t\t<\/div>\n\t\t\t\t<\/div>\n\t\t\t\t<div class=\"elementor-element elementor-element-60bad6b elementor-widget elementor-widget-heading\" data-id=\"60bad6b\" data-element_type=\"widget\" data-widget_type=\"heading.default\">\n\t\t\t\t<div class=\"elementor-widget-container\">\n\t\t\t\t\t<h2 class=\"elementor-heading-title elementor-size-default\">Hasieratik bukaerara lagunduko dizugu<\/h2>\t\t\t\t<\/div>\n\t\t\t\t<\/div>\n\t\t\t\t<\/div>\n\t\t<div class=\"elementor-element elementor-element-b86108a e-con-full e-flex e-con e-child\" data-id=\"b86108a\" data-element_type=\"container\">\n\t\t<div class=\"elementor-element elementor-element-39a297c e-con-full e-flex elementor-invisible e-con e-child\" data-id=\"39a297c\" data-element_type=\"container\" data-settings=\"{&quot;animation&quot;:&quot;fadeInUp&quot;}\">\n\t\t\t\t<div class=\"elementor-element elementor-element-8f3cea1 elementor-widget elementor-widget-image\" data-id=\"8f3cea1\" data-element_type=\"widget\" data-widget_type=\"image.default\">\n\t\t\t\t<div class=\"elementor-widget-container\">\n\t\t\t\t\t\t\t\t\t\t\t\t\t\t\t<img decoding=\"async\" width=\"114\" height=\"104\" src=\"https:\/\/argisun.com\/wp-content\/uploads\/2023\/06\/1-estudio_argisun.png\" class=\"attachment-large size-large wp-image-1706\" alt=\"\" \/>\t\t\t\t\t\t\t\t\t\t\t\t\t\t\t<\/div>\n\t\t\t\t<\/div>\n\t\t\t\t<div class=\"elementor-element elementor-element-3526870 elementor-cta--valign-middle elementor-cta--skin-classic elementor-animated-content elementor-bg-transform elementor-bg-transform-zoom-in elementor-widget elementor-widget-call-to-action\" data-id=\"3526870\" data-element_type=\"widget\" data-widget_type=\"call-to-action.default\">\n\t\t\t\t<div class=\"elementor-widget-container\">\n\t\t\t\t\t\t\t<div class=\"elementor-cta\">\n\t\t\t\t\t\t\t<div class=\"elementor-cta__content\">\n\t\t\t\t\n\t\t\t\t\t\t\t\t\t<h3 class=\"elementor-cta__title elementor-cta__content-item elementor-content-item\">\n\t\t\t\t\t\tBideragarritasun eta ekonomia azterketa\t\t\t\t\t<\/h3>\n\t\t\t\t\n\t\t\t\t\t\t\t\t\t<h3 class=\"elementor-cta__description elementor-cta__content-item elementor-content-item\">\n\t\t\t\t\t\t<p>Zure beharrak ebaluatzen ditugu eta irtenbide eraginkor eta pertsonalizatua diseinatzen dugu<\/p>\n\t\t\t\t\t<\/h3>\n\t\t\t\t\n\t\t\t\t\t\t\t<\/div>\n\t\t\t\t\t\t<\/div>\n\t\t\t\t\t\t<\/div>\n\t\t\t\t<\/div>\n\t\t\t\t<\/div>\n\t\t<div class=\"elementor-element elementor-element-887e726 e-con-full e-flex elementor-invisible e-con e-child\" data-id=\"887e726\" data-element_type=\"container\" data-settings=\"{&quot;animation&quot;:&quot;fadeInUp&quot;,&quot;animation_delay&quot;:100}\">\n\t\t\t\t<div class=\"elementor-element elementor-element-36c3fd1 elementor-widget elementor-widget-image\" data-id=\"36c3fd1\" data-element_type=\"widget\" data-widget_type=\"image.default\">\n\t\t\t\t<div class=\"elementor-widget-container\">\n\t\t\t\t\t\t\t\t\t\t\t\t\t\t\t<img decoding=\"async\" width=\"88\" height=\"107\" src=\"https:\/\/argisun.com\/wp-content\/uploads\/2023\/06\/2-instalacion-argisun.png\" class=\"attachment-large size-large wp-image-1707\" alt=\"\" \/>\t\t\t\t\t\t\t\t\t\t\t\t\t\t\t<\/div>\n\t\t\t\t<\/div>\n\t\t\t\t<div class=\"elementor-element elementor-element-292cb32 elementor-cta--valign-middle elementor-cta--skin-classic elementor-animated-content elementor-bg-transform elementor-bg-transform-zoom-in elementor-widget elementor-widget-call-to-action\" data-id=\"292cb32\" data-element_type=\"widget\" data-widget_type=\"call-to-action.default\">\n\t\t\t\t<div class=\"elementor-widget-container\">\n\t\t\t\t\t\t\t<div class=\"elementor-cta\">\n\t\t\t\t\t\t\t<div class=\"elementor-cta__content\">\n\t\t\t\t\n\t\t\t\t\t\t\t\t\t<h3 class=\"elementor-cta__title elementor-cta__content-item elementor-content-item\">\n\t\t\t\t\t\tProiektua, instalazioa eta abian jartzea\t\t\t\t\t<\/h3>\n\t\t\t\t\n\t\t\t\t\t\t\t\t\t<h3 class=\"elementor-cta__description elementor-cta__content-item elementor-content-item\">\n\t\t\t\t\t\t<p>Konponbidea profesionaltasunez inplementatzen dugu, errendimendu ezin hobea ziurtatuz.<\/p>\n\t\t\t\t\t<\/h3>\n\t\t\t\t\n\t\t\t\t\t\t\t<\/div>\n\t\t\t\t\t\t<\/div>\n\t\t\t\t\t\t<\/div>\n\t\t\t\t<\/div>\n\t\t\t\t<\/div>\n\t\t<div class=\"elementor-element elementor-element-8ab6932 e-con-full e-flex elementor-invisible e-con e-child\" data-id=\"8ab6932\" data-element_type=\"container\" data-settings=\"{&quot;animation&quot;:&quot;fadeInUp&quot;,&quot;animation_delay&quot;:200}\">\n\t\t\t\t<div class=\"elementor-element elementor-element-d4d128e elementor-widget elementor-widget-image\" data-id=\"d4d128e\" data-element_type=\"widget\" data-widget_type=\"image.default\">\n\t\t\t\t<div class=\"elementor-widget-container\">\n\t\t\t\t\t\t\t\t\t\t\t\t\t\t\t<img loading=\"lazy\" decoding=\"async\" width=\"101\" height=\"100\" src=\"https:\/\/argisun.com\/wp-content\/uploads\/2023\/06\/3-subvenciones-argisun.png\" class=\"attachment-large size-large wp-image-1708\" alt=\"\" \/>\t\t\t\t\t\t\t\t\t\t\t\t\t\t\t<\/div>\n\t\t\t\t<\/div>\n\t\t\t\t<div class=\"elementor-element elementor-element-1f6b8a8 elementor-cta--valign-middle elementor-cta--skin-classic elementor-animated-content elementor-bg-transform elementor-bg-transform-zoom-in elementor-widget elementor-widget-call-to-action\" data-id=\"1f6b8a8\" data-element_type=\"widget\" data-widget_type=\"call-to-action.default\">\n\t\t\t\t<div class=\"elementor-widget-container\">\n\t\t\t\t\t\t\t<div class=\"elementor-cta\">\n\t\t\t\t\t\t\t<div class=\"elementor-cta__content\">\n\t\t\t\t\n\t\t\t\t\t\t\t\t\t<h3 class=\"elementor-cta__title elementor-cta__content-item elementor-content-item\">\n\t\t\t\t\t\tDirulaguntzen kudeaketa<br> eta legalizazioa\t\t\t\t\t<\/h3>\n\t\t\t\t\n\t\t\t\t\t\t\t\t\t<h3 class=\"elementor-cta__description elementor-cta__content-item elementor-content-item\">\n\t\t\t\t\t\t<p>Zure lasaitasunerako, izapide burokratiko guztiez eta dirulaguntzaz arduratzen gara.<\/p>\n\t\t\t\t\t<\/h3>\n\t\t\t\t\n\t\t\t\t\t\t\t<\/div>\n\t\t\t\t\t\t<\/div>\n\t\t\t\t\t\t<\/div>\n\t\t\t\t<\/div>\n\t\t\t\t<\/div>\n\t\t<div class=\"elementor-element elementor-element-dc5e9c2 e-con-full e-flex elementor-invisible e-con e-child\" data-id=\"dc5e9c2\" data-element_type=\"container\" data-settings=\"{&quot;animation&quot;:&quot;fadeInUp&quot;,&quot;animation_delay&quot;:300}\">\n\t\t\t\t<div class=\"elementor-element elementor-element-62fc214 elementor-widget elementor-widget-image\" data-id=\"62fc214\" data-element_type=\"widget\" data-widget_type=\"image.default\">\n\t\t\t\t<div class=\"elementor-widget-container\">\n\t\t\t\t\t\t\t\t\t\t\t\t\t\t\t<img loading=\"lazy\" decoding=\"async\" width=\"100\" height=\"95\" src=\"https:\/\/argisun.com\/wp-content\/uploads\/2023\/06\/4-asistencia-argisun.png\" class=\"attachment-large size-large wp-image-1709\" alt=\"\" \/>\t\t\t\t\t\t\t\t\t\t\t\t\t\t\t<\/div>\n\t\t\t\t<\/div>\n\t\t\t\t<div class=\"elementor-element elementor-element-e7d962b elementor-cta--valign-middle elementor-cta--skin-classic elementor-animated-content elementor-bg-transform elementor-bg-transform-zoom-in elementor-widget elementor-widget-call-to-action\" data-id=\"e7d962b\" data-element_type=\"widget\" data-widget_type=\"call-to-action.default\">\n\t\t\t\t<div class=\"elementor-widget-container\">\n\t\t\t\t\t\t\t<div class=\"elementor-cta\">\n\t\t\t\t\t\t\t<div class=\"elementor-cta__content\">\n\t\t\t\t\n\t\t\t\t\t\t\t\t\t<h3 class=\"elementor-cta__title elementor-cta__content-item elementor-content-item\">\n\t\t\t\t\t\tAsistentzia<br> teknikoa pertsonalizatua\t\t\t\t\t<\/h3>\n\t\t\t\t\n\t\t\t\t\t\t\t\t\t<h3 class=\"elementor-cta__description elementor-cta__content-item elementor-content-item\">\n\t\t\t\t\t\t<p>Zure instalazioaren errendimendua mantentzeko zerbitzu tekniko jarraitua eskaintzen dugu.<\/p>\n\t\t\t\t\t<\/h3>\n\t\t\t\t\n\t\t\t\t\t\t\t<\/div>\n\t\t\t\t\t\t<\/div>\n\t\t\t\t\t\t<\/div>\n\t\t\t\t<\/div>\n\t\t\t\t<\/div>\n\t\t\t\t<\/div>\n\t\t\t\t<\/div>\n\t\t\t\t<\/div>\n\t\t","protected":false},"excerpt":{"rendered":"<p>Zure lasaitasun osorako irtenbide integralak Zure soluzioan lan egingo dugu lehenengo bisitatik martxan jarri arte. Laguntza tekniko pertsonalizatua eskaintzen dugu. Nola egiten dugu lan? Lan prozesua Hasieratik bukaerara lagunduko dizugu Bideragarritasun eta ekonomia azterketa Zure beharrak ebaluatzen ditugu eta irtenbide eraginkor eta pertsonalizatua diseinatzen dugu Proiektua, instalazioa eta abian jartzea Konponbidea profesionaltasunez inplementatzen dugu, errendimendu [&hellip;]<\/p>\n","protected":false},"author":1,"featured_media":0,"parent":0,"menu_order":0,"comment_status":"closed","ping_status":"closed","template":"elementor_header_footer","meta":{"_acf_changed":false,"footnotes":""},"class_list":["post-2112","page","type-page","status-publish","hentry"],"acf":[],"yoast_head":"<!-- This site is optimized with the Yoast SEO plugin v27.4 - https:\/\/yoast.com\/product\/yoast-seo-wordpress\/ -->\n<title>Zerbitzuak - ARGISUN Soluciones energ\u00e9ticas<\/title>\n<meta name=\"robots\" content=\"index, follow, max-snippet:-1, max-image-preview:large, max-video-preview:-1\" \/>\n<link rel=\"canonical\" href=\"https:\/\/argisun.com\/eu\/zerbitzuak\/\" \/>\n<meta property=\"og:locale\" content=\"eu_ES\" \/>\n<meta property=\"og:type\" content=\"article\" \/>\n<meta property=\"og:title\" content=\"Zerbitzuak - ARGISUN Soluciones energ\u00e9ticas\" \/>\n<meta property=\"og:description\" content=\"Zure lasaitasun osorako irtenbide integralak Zure soluzioan lan egingo dugu lehenengo bisitatik martxan jarri arte. Laguntza tekniko pertsonalizatua eskaintzen dugu. Nola egiten dugu lan? Lan prozesua Hasieratik bukaerara lagunduko dizugu Bideragarritasun eta ekonomia azterketa Zure beharrak ebaluatzen ditugu eta irtenbide eraginkor eta pertsonalizatua diseinatzen dugu Proiektua, instalazioa eta abian jartzea Konponbidea profesionaltasunez inplementatzen dugu, errendimendu [&hellip;]\" \/>\n<meta property=\"og:url\" content=\"https:\/\/argisun.com\/eu\/zerbitzuak\/\" \/>\n<meta property=\"og:site_name\" content=\"ARGISUN Soluciones energ\u00e9ticas\" \/>\n<meta property=\"article:publisher\" content=\"https:\/\/www.facebook.com\/profile.php?id=100067763558461&amp;locale=es_ES\" \/>\n<meta property=\"article:modified_time\" content=\"2023-09-15T10:49:36+00:00\" \/>\n<meta property=\"og:image\" content=\"https:\/\/argisun.com\/wp-content\/uploads\/2023\/07\/argisun_servicios-1024x414.jpg\" \/>\n<meta name=\"twitter:card\" content=\"summary_large_image\" \/>\n<meta name=\"twitter:site\" content=\"@Argisunsl\" \/>\n<script type=\"application\/ld+json\" class=\"yoast-schema-graph\">{\"@context\":\"https:\\\/\\\/schema.org\",\"@graph\":[{\"@type\":\"WebPage\",\"@id\":\"https:\\\/\\\/argisun.com\\\/eu\\\/zerbitzuak\\\/\",\"url\":\"https:\\\/\\\/argisun.com\\\/eu\\\/zerbitzuak\\\/\",\"name\":\"Zerbitzuak - ARGISUN Soluciones energ\u00e9ticas\",\"isPartOf\":{\"@id\":\"https:\\\/\\\/argisun.com\\\/eu\\\/#website\"},\"primaryImageOfPage\":{\"@id\":\"https:\\\/\\\/argisun.com\\\/eu\\\/zerbitzuak\\\/#primaryimage\"},\"image\":{\"@id\":\"https:\\\/\\\/argisun.com\\\/eu\\\/zerbitzuak\\\/#primaryimage\"},\"thumbnailUrl\":\"https:\\\/\\\/argisun.com\\\/wp-content\\\/uploads\\\/2023\\\/07\\\/argisun_servicios-1024x414.jpg\",\"datePublished\":\"2023-06-12T10:46:29+00:00\",\"dateModified\":\"2023-09-15T10:49:36+00:00\",\"breadcrumb\":{\"@id\":\"https:\\\/\\\/argisun.com\\\/eu\\\/zerbitzuak\\\/#breadcrumb\"},\"inLanguage\":\"eu-ES\",\"potentialAction\":[{\"@type\":\"ReadAction\",\"target\":[\"https:\\\/\\\/argisun.com\\\/eu\\\/zerbitzuak\\\/\"]}]},{\"@type\":\"ImageObject\",\"inLanguage\":\"eu-ES\",\"@id\":\"https:\\\/\\\/argisun.com\\\/eu\\\/zerbitzuak\\\/#primaryimage\",\"url\":\"https:\\\/\\\/argisun.com\\\/wp-content\\\/uploads\\\/2023\\\/07\\\/argisun_servicios-1024x414.jpg\",\"contentUrl\":\"https:\\\/\\\/argisun.com\\\/wp-content\\\/uploads\\\/2023\\\/07\\\/argisun_servicios-1024x414.jpg\"},{\"@type\":\"BreadcrumbList\",\"@id\":\"https:\\\/\\\/argisun.com\\\/eu\\\/zerbitzuak\\\/#breadcrumb\",\"itemListElement\":[{\"@type\":\"ListItem\",\"position\":1,\"name\":\"Home\",\"item\":\"https:\\\/\\\/argisun.com\\\/eu\\\/\"},{\"@type\":\"ListItem\",\"position\":2,\"name\":\"Zerbitzuak\"}]},{\"@type\":\"WebSite\",\"@id\":\"https:\\\/\\\/argisun.com\\\/eu\\\/#website\",\"url\":\"https:\\\/\\\/argisun.com\\\/eu\\\/\",\"name\":\"ARGISUN Soluciones energ\u00e9ticas\",\"description\":\"Energ\u00eda renovable, solar fotovoltaica, aerotermia, geotermIa, biomasa, climatizaci\u00f3n y ventilaci\u00f3n\",\"publisher\":{\"@id\":\"https:\\\/\\\/argisun.com\\\/eu\\\/#organization\"},\"alternateName\":\"argisun\",\"potentialAction\":[{\"@type\":\"SearchAction\",\"target\":{\"@type\":\"EntryPoint\",\"urlTemplate\":\"https:\\\/\\\/argisun.com\\\/eu\\\/?s={search_term_string}\"},\"query-input\":{\"@type\":\"PropertyValueSpecification\",\"valueRequired\":true,\"valueName\":\"search_term_string\"}}],\"inLanguage\":\"eu-ES\"},{\"@type\":\"Organization\",\"@id\":\"https:\\\/\\\/argisun.com\\\/eu\\\/#organization\",\"name\":\"ARGISUN Soluciones energ\u00e9ticas\",\"alternateName\":\"Argisun\",\"url\":\"https:\\\/\\\/argisun.com\\\/eu\\\/\",\"logo\":{\"@type\":\"ImageObject\",\"inLanguage\":\"eu-ES\",\"@id\":\"https:\\\/\\\/argisun.com\\\/eu\\\/#\\\/schema\\\/logo\\\/image\\\/\",\"url\":\"https:\\\/\\\/argisun.com\\\/wp-content\\\/uploads\\\/2023\\\/06\\\/argisun-favicon.png\",\"contentUrl\":\"https:\\\/\\\/argisun.com\\\/wp-content\\\/uploads\\\/2023\\\/06\\\/argisun-favicon.png\",\"width\":2134,\"height\":2134,\"caption\":\"ARGISUN Soluciones energ\u00e9ticas\"},\"image\":{\"@id\":\"https:\\\/\\\/argisun.com\\\/eu\\\/#\\\/schema\\\/logo\\\/image\\\/\"},\"sameAs\":[\"https:\\\/\\\/www.facebook.com\\\/profile.php?id=100067763558461&locale=es_ES\",\"https:\\\/\\\/x.com\\\/Argisunsl\"]}]}<\/script>\n<!-- \/ Yoast SEO plugin. -->","yoast_head_json":{"title":"Zerbitzuak - ARGISUN Soluciones energ\u00e9ticas","robots":{"index":"index","follow":"follow","max-snippet":"max-snippet:-1","max-image-preview":"max-image-preview:large","max-video-preview":"max-video-preview:-1"},"canonical":"https:\/\/argisun.com\/eu\/zerbitzuak\/","og_locale":"eu_ES","og_type":"article","og_title":"Zerbitzuak - ARGISUN Soluciones energ\u00e9ticas","og_description":"Zure lasaitasun osorako irtenbide integralak Zure soluzioan lan egingo dugu lehenengo bisitatik martxan jarri arte. Laguntza tekniko pertsonalizatua eskaintzen dugu. Nola egiten dugu lan? Lan prozesua Hasieratik bukaerara lagunduko dizugu Bideragarritasun eta ekonomia azterketa Zure beharrak ebaluatzen ditugu eta irtenbide eraginkor eta pertsonalizatua diseinatzen dugu Proiektua, instalazioa eta abian jartzea Konponbidea profesionaltasunez inplementatzen dugu, errendimendu [&hellip;]","og_url":"https:\/\/argisun.com\/eu\/zerbitzuak\/","og_site_name":"ARGISUN Soluciones energ\u00e9ticas","article_publisher":"https:\/\/www.facebook.com\/profile.php?id=100067763558461&locale=es_ES","article_modified_time":"2023-09-15T10:49:36+00:00","og_image":[{"url":"https:\/\/argisun.com\/wp-content\/uploads\/2023\/07\/argisun_servicios-1024x414.jpg","type":"","width":"","height":""}],"twitter_card":"summary_large_image","twitter_site":"@Argisunsl","schema":{"@context":"https:\/\/schema.org","@graph":[{"@type":"WebPage","@id":"https:\/\/argisun.com\/eu\/zerbitzuak\/","url":"https:\/\/argisun.com\/eu\/zerbitzuak\/","name":"Zerbitzuak - ARGISUN Soluciones energ\u00e9ticas","isPartOf":{"@id":"https:\/\/argisun.com\/eu\/#website"},"primaryImageOfPage":{"@id":"https:\/\/argisun.com\/eu\/zerbitzuak\/#primaryimage"},"image":{"@id":"https:\/\/argisun.com\/eu\/zerbitzuak\/#primaryimage"},"thumbnailUrl":"https:\/\/argisun.com\/wp-content\/uploads\/2023\/07\/argisun_servicios-1024x414.jpg","datePublished":"2023-06-12T10:46:29+00:00","dateModified":"2023-09-15T10:49:36+00:00","breadcrumb":{"@id":"https:\/\/argisun.com\/eu\/zerbitzuak\/#breadcrumb"},"inLanguage":"eu-ES","potentialAction":[{"@type":"ReadAction","target":["https:\/\/argisun.com\/eu\/zerbitzuak\/"]}]},{"@type":"ImageObject","inLanguage":"eu-ES","@id":"https:\/\/argisun.com\/eu\/zerbitzuak\/#primaryimage","url":"https:\/\/argisun.com\/wp-content\/uploads\/2023\/07\/argisun_servicios-1024x414.jpg","contentUrl":"https:\/\/argisun.com\/wp-content\/uploads\/2023\/07\/argisun_servicios-1024x414.jpg"},{"@type":"BreadcrumbList","@id":"https:\/\/argisun.com\/eu\/zerbitzuak\/#breadcrumb","itemListElement":[{"@type":"ListItem","position":1,"name":"Home","item":"https:\/\/argisun.com\/eu\/"},{"@type":"ListItem","position":2,"name":"Zerbitzuak"}]},{"@type":"WebSite","@id":"https:\/\/argisun.com\/eu\/#website","url":"https:\/\/argisun.com\/eu\/","name":"ARGISUN Soluciones energ\u00e9ticas","description":"Energ\u00eda renovable, solar fotovoltaica, aerotermia, geotermIa, biomasa, climatizaci\u00f3n y ventilaci\u00f3n","publisher":{"@id":"https:\/\/argisun.com\/eu\/#organization"},"alternateName":"argisun","potentialAction":[{"@type":"SearchAction","target":{"@type":"EntryPoint","urlTemplate":"https:\/\/argisun.com\/eu\/?s={search_term_string}"},"query-input":{"@type":"PropertyValueSpecification","valueRequired":true,"valueName":"search_term_string"}}],"inLanguage":"eu-ES"},{"@type":"Organization","@id":"https:\/\/argisun.com\/eu\/#organization","name":"ARGISUN Soluciones energ\u00e9ticas","alternateName":"Argisun","url":"https:\/\/argisun.com\/eu\/","logo":{"@type":"ImageObject","inLanguage":"eu-ES","@id":"https:\/\/argisun.com\/eu\/#\/schema\/logo\/image\/","url":"https:\/\/argisun.com\/wp-content\/uploads\/2023\/06\/argisun-favicon.png","contentUrl":"https:\/\/argisun.com\/wp-content\/uploads\/2023\/06\/argisun-favicon.png","width":2134,"height":2134,"caption":"ARGISUN Soluciones energ\u00e9ticas"},"image":{"@id":"https:\/\/argisun.com\/eu\/#\/schema\/logo\/image\/"},"sameAs":["https:\/\/www.facebook.com\/profile.php?id=100067763558461&locale=es_ES","https:\/\/x.com\/Argisunsl"]}]}},"_links":{"self":[{"href":"https:\/\/argisun.com\/eu\/wp-json\/wp\/v2\/pages\/2112","targetHints":{"allow":["GET"]}}],"collection":[{"href":"https:\/\/argisun.com\/eu\/wp-json\/wp\/v2\/pages"}],"about":[{"href":"https:\/\/argisun.com\/eu\/wp-json\/wp\/v2\/types\/page"}],"author":[{"embeddable":true,"href":"https:\/\/argisun.com\/eu\/wp-json\/wp\/v2\/users\/1"}],"replies":[{"embeddable":true,"href":"https:\/\/argisun.com\/eu\/wp-json\/wp\/v2\/comments?post=2112"}],"version-history":[{"count":1,"href":"https:\/\/argisun.com\/eu\/wp-json\/wp\/v2\/pages\/2112\/revisions"}],"predecessor-version":[{"id":2113,"href":"https:\/\/argisun.com\/eu\/wp-json\/wp\/v2\/pages\/2112\/revisions\/2113"}],"wp:attachment":[{"href":"https:\/\/argisun.com\/eu\/wp-json\/wp\/v2\/media?parent=2112"}],"curies":[{"name":"wp","href":"https:\/\/api.w.org\/{rel}","templated":true}]}}