{"id":1818,"date":"2023-06-12T10:46:57","date_gmt":"2023-06-12T10:46:57","guid":{"rendered":"https:\/\/argisun.com\/kontaktua\/"},"modified":"2023-09-27T11:09:42","modified_gmt":"2023-09-27T11:09:42","slug":"kontaktua","status":"publish","type":"page","link":"https:\/\/argisun.com\/eu\/kontaktua\/","title":{"rendered":"Kontaktua"},"content":{"rendered":"\t\t<div data-elementor-type=\"wp-page\" data-elementor-id=\"1818\" class=\"elementor elementor-1818 elementor-24\" data-elementor-post-type=\"page\">\n\t\t\t\t<div class=\"elementor-element elementor-element-41872ed4 e-con-full e-flex e-con e-parent\" data-id=\"41872ed4\" data-element_type=\"container\" data-settings=\"{&quot;background_background&quot;:&quot;gradient&quot;}\">\n\t\t<div class=\"elementor-element elementor-element-79135b4d e-con-full e-flex e-con e-child\" data-id=\"79135b4d\" data-element_type=\"container\">\n\t\t\t\t<div class=\"elementor-element elementor-element-29295d7c elementor-widget elementor-widget-icon-box\" data-id=\"29295d7c\" data-element_type=\"widget\" data-widget_type=\"icon-box.default\">\n\t\t\t\t<div class=\"elementor-widget-container\">\n\t\t\t\t\t\t\t<div class=\"elementor-icon-box-wrapper\">\n\n\t\t\t\n\t\t\t\t\t\t<div class=\"elementor-icon-box-content\">\n\n\t\t\t\t\t\t\t\t\t<h2 class=\"elementor-icon-box-title\">\n\t\t\t\t\t\t<span  >\n\t\t\t\t\t\t\tinfo@argisun.com\t\t\t\t\t\t<\/span>\n\t\t\t\t\t<\/h2>\n\t\t\t\t\n\t\t\t\t\t\t\t\t\t<p class=\"elementor-icon-box-description\">\n\t\t\t\t\t\tIdatzi energia berriztagarrietako gute produktu edo zerbitzuetan interesatua bazaude. Harremanetarako datuak ere hemen idatz ditzakezu, eta guk lehenbailehen deituko dugu.\t\t\t\t\t<\/p>\n\t\t\t\t\n\t\t\t<\/div>\n\t\t\t\n\t\t<\/div>\n\t\t\t\t\t\t<\/div>\n\t\t\t\t<\/div>\n\t\t\t\t<div class=\"elementor-element elementor-element-59159655 elementor-button-align-start elementor-mobile-button-align-center elementor-widget elementor-widget-form\" data-id=\"59159655\" data-element_type=\"widget\" data-settings=\"{&quot;step_next_label&quot;:&quot;Next&quot;,&quot;step_previous_label&quot;:&quot;Previous&quot;,&quot;button_width&quot;:&quot;100&quot;,&quot;step_type&quot;:&quot;number_text&quot;,&quot;step_icon_shape&quot;:&quot;circle&quot;}\" data-widget_type=\"form.default\">\n\t\t\t\t<div class=\"elementor-widget-container\">\n\t\t\t\t\t\t\t<form class=\"elementor-form\" method=\"post\" name=\"New Form\">\n\t\t\t<input type=\"hidden\" name=\"post_id\" value=\"1818\"\/>\n\t\t\t<input type=\"hidden\" name=\"form_id\" value=\"59159655\"\/>\n\t\t\t<input type=\"hidden\" name=\"referer_title\" value=\"ARGISUN Soluciones energ\u00e9ticas\" \/>\n\n\t\t\t\n\t\t\t<div class=\"elementor-form-fields-wrapper elementor-labels-\">\n\t\t\t\t\t\t\t\t<div class=\"elementor-field-type-text elementor-field-group elementor-column elementor-field-group-name elementor-col-50\">\n\t\t\t\t\t\t\t\t\t\t\t\t<label for=\"form-field-name\" class=\"elementor-field-label elementor-screen-only\">\n\t\t\t\t\t\t\t\tNombre\t\t\t\t\t\t\t<\/label>\n\t\t\t\t\t\t\t\t\t\t\t\t\t\t<input size=\"1\" type=\"text\" name=\"form_fields[name]\" id=\"form-field-name\" class=\"elementor-field elementor-size-sm  elementor-field-textual\" placeholder=\"Izena*\">\n\t\t\t\t\t\t\t\t\t\t\t<\/div>\n\t\t\t\t\t\t\t\t<div class=\"elementor-field-type-email elementor-field-group elementor-column elementor-field-group-email elementor-col-50 elementor-field-required\">\n\t\t\t\t\t\t\t\t\t\t\t\t<label for=\"form-field-email\" class=\"elementor-field-label elementor-screen-only\">\n\t\t\t\t\t\t\t\tEmail*\t\t\t\t\t\t\t<\/label>\n\t\t\t\t\t\t\t\t\t\t\t\t\t\t<input size=\"1\" type=\"email\" name=\"form_fields[email]\" id=\"form-field-email\" class=\"elementor-field elementor-size-sm  elementor-field-textual\" placeholder=\"Email*\" required=\"required\">\n\t\t\t\t\t\t\t\t\t\t\t<\/div>\n\t\t\t\t\t\t\t\t<div class=\"elementor-field-type-number elementor-field-group elementor-column elementor-field-group-field_cfa562a elementor-col-50 elementor-field-required\">\n\t\t\t\t\t\t\t\t\t\t\t\t<label for=\"form-field-field_cfa562a\" class=\"elementor-field-label elementor-screen-only\">\n\t\t\t\t\t\t\t\tTel\u00e9fonoa*\t\t\t\t\t\t\t<\/label>\n\t\t\t\t\t\t\t\t\t<input type=\"number\" name=\"form_fields[field_cfa562a]\" id=\"form-field-field_cfa562a\" class=\"elementor-field elementor-size-sm  elementor-field-textual\" placeholder=\"Tel\u00e9fonoa*\" required=\"required\" min=\"\" max=\"\" >\n\t\t\t\t\t\t<\/div>\n\t\t\t\t\t\t\t\t<div class=\"elementor-field-type-text elementor-field-group elementor-column elementor-field-group-field_2d95b9a elementor-col-50\">\n\t\t\t\t\t\t\t\t\t\t\t\t<label for=\"form-field-field_2d95b9a\" class=\"elementor-field-label elementor-screen-only\">\n\t\t\t\t\t\t\t\tMensaje\t\t\t\t\t\t\t<\/label>\n\t\t\t\t\t\t\t\t\t\t\t\t\t\t<input size=\"1\" type=\"text\" name=\"form_fields[field_2d95b9a]\" id=\"form-field-field_2d95b9a\" class=\"elementor-field elementor-size-sm  elementor-field-textual\" placeholder=\"Interesa dut...\">\n\t\t\t\t\t\t\t\t\t\t\t<\/div>\n\t\t\t\t\t\t\t\t<div class=\"elementor-field-type-acceptance elementor-field-group elementor-column elementor-field-group-field_b18a5ec elementor-col-100 elementor-field-required\">\n\t\t\t\t\t\t\t\t\t\t\t\t<label for=\"form-field-field_b18a5ec\" class=\"elementor-field-label elementor-screen-only\">\n\t\t\t\t\t\t\t\tacepto\t\t\t\t\t\t\t<\/label>\n\t\t\t\t\t\t\t\t<div class=\"elementor-field-subgroup\">\n\t\t\t<span class=\"elementor-field-option\">\n\t\t\t\t<input type=\"checkbox\" name=\"form_fields[field_b18a5ec]\" id=\"form-field-field_b18a5ec\" class=\"elementor-field elementor-size-sm  elementor-acceptance-field\" required=\"required\" checked=\"checked\">\n\t\t\t\t<label for=\"form-field-field_b18a5ec\">Irakurri eta onartzen dut <a href=\"https:\/\/argisun.com\/eu\/politica-de-privacidad\/\">pribatutasun politika.<\/a><\/label>\t\t\t<\/span>\n\t\t<\/div>\n\t\t\t\t\t\t<\/div>\n\t\t\t\t\t\t\t\t<div class=\"elementor-field-type-recaptcha_v3 elementor-field-group elementor-column elementor-field-group-field_7d806c4 elementor-col-100 recaptcha_v3-bottomright\">\n\t\t\t\t\t<div class=\"elementor-field\" id=\"form-field-field_7d806c4\"><div class=\"elementor-g-recaptcha\" data-sitekey=\"6LfI7iUoAAAAAK0QEgnQSa8P5HEm2zkMzQu8iX59\" data-type=\"v3\" data-action=\"Form\" data-badge=\"bottomright\" data-size=\"invisible\"><\/div><\/div>\t\t\t\t<\/div>\n\t\t\t\t\t\t\t\t<div class=\"elementor-field-group elementor-column elementor-field-type-submit elementor-col-100 e-form__buttons\">\n\t\t\t\t\t<button class=\"elementor-button elementor-size-md elementor-animation-grow\" type=\"submit\">\n\t\t\t\t\t\t<span class=\"elementor-button-content-wrapper\">\n\t\t\t\t\t\t\t\t\t\t\t\t\t\t\t\t\t\t\t\t\t\t<span class=\"elementor-button-text\">Bidali<\/span>\n\t\t\t\t\t\t\t\t\t\t\t\t\t<\/span>\n\t\t\t\t\t<\/button>\n\t\t\t\t<\/div>\n\t\t\t<\/div>\n\t\t<\/form>\n\t\t\t\t\t\t<\/div>\n\t\t\t\t<\/div>\n\t\t\t\t<\/div>\n\t\t<div class=\"elementor-element elementor-element-1594e29 e-con-full e-flex e-con e-child\" data-id=\"1594e29\" data-element_type=\"container\">\n\t\t\t\t<div class=\"elementor-element elementor-element-64390e0e elementor-widget-mobile__width-inherit elementor-widget__width-initial elementor-widget elementor-widget-icon-box\" data-id=\"64390e0e\" data-element_type=\"widget\" data-widget_type=\"icon-box.default\">\n\t\t\t\t<div class=\"elementor-widget-container\">\n\t\t\t\t\t\t\t<div class=\"elementor-icon-box-wrapper\">\n\n\t\t\t\n\t\t\t\t\t\t<div class=\"elementor-icon-box-content\">\n\n\t\t\t\t\t\t\t\t\t<p class=\"elementor-icon-box-title\">\n\t\t\t\t\t\t<span  >\n\t\t\t\t\t\t\tBisitatu\t\t\t\t\t\t<\/span>\n\t\t\t\t\t<\/p>\n\t\t\t\t\n\t\t\t\t\t\t\t\t\t<p class=\"elementor-icon-box-description\">\n\t\t\t\t\t\tBasadi 5<br>\n20750 ZUMAIA\t\t\t\t\t<\/p>\n\t\t\t\t\n\t\t\t<\/div>\n\t\t\t\n\t\t<\/div>\n\t\t\t\t\t\t<\/div>\n\t\t\t\t<\/div>\n\t\t\t\t<div class=\"elementor-element elementor-element-4b8c111 elementor-widget__width-initial elementor-widget-mobile__width-inherit elementor-widget elementor-widget-icon-box\" data-id=\"4b8c111\" data-element_type=\"widget\" data-widget_type=\"icon-box.default\">\n\t\t\t\t<div class=\"elementor-widget-container\">\n\t\t\t\t\t\t\t<div class=\"elementor-icon-box-wrapper\">\n\n\t\t\t\n\t\t\t\t\t\t<div class=\"elementor-icon-box-content\">\n\n\t\t\t\t\t\t\t\t\t<p class=\"elementor-icon-box-title\">\n\t\t\t\t\t\t<span  >\n\t\t\t\t\t\t\tIdatzi\t\t\t\t\t\t<\/span>\n\t\t\t\t\t<\/p>\n\t\t\t\t\n\t\t\t\t\t\t\t\t\t<p class=\"elementor-icon-box-description\">\n\t\t\t\t\t\tinfo@argisun.com\t\t\t\t\t<\/p>\n\t\t\t\t\n\t\t\t<\/div>\n\t\t\t\n\t\t<\/div>\n\t\t\t\t\t\t<\/div>\n\t\t\t\t<\/div>\n\t\t\t\t<div class=\"elementor-element elementor-element-4825fb54 elementor-widget__width-initial elementor-widget-mobile__width-inherit elementor-widget elementor-widget-icon-box\" data-id=\"4825fb54\" data-element_type=\"widget\" data-widget_type=\"icon-box.default\">\n\t\t\t\t<div class=\"elementor-widget-container\">\n\t\t\t\t\t\t\t<div class=\"elementor-icon-box-wrapper\">\n\n\t\t\t\n\t\t\t\t\t\t<div class=\"elementor-icon-box-content\">\n\n\t\t\t\t\t\t\t\t\t<p class=\"elementor-icon-box-title\">\n\t\t\t\t\t\t<span  >\n\t\t\t\t\t\t\tDeitu\t\t\t\t\t\t<\/span>\n\t\t\t\t\t<\/p>\n\t\t\t\t\n\t\t\t\t\t\t\t\t\t<p class=\"elementor-icon-box-description\">\n\t\t\t\t\t\t943 86 19 95\t\t\t\t\t<\/p>\n\t\t\t\t\n\t\t\t<\/div>\n\t\t\t\n\t\t<\/div>\n\t\t\t\t\t\t<\/div>\n\t\t\t\t<\/div>\n\t\t<div class=\"elementor-element elementor-element-2517ae3b e-con-full e-flex e-con e-child\" data-id=\"2517ae3b\" data-element_type=\"container\">\n\t\t\t\t<div class=\"elementor-element elementor-element-505069c7 elementor-widget elementor-widget-heading\" data-id=\"505069c7\" data-element_type=\"widget\" data-widget_type=\"heading.default\">\n\t\t\t\t<div class=\"elementor-widget-container\">\n\t\t\t\t\t<p class=\"elementor-heading-title elementor-size-default\">Jarraitu<\/p>\t\t\t\t<\/div>\n\t\t\t\t<\/div>\n\t\t\t\t<div class=\"elementor-element elementor-element-7be515fe e-grid-align-left e-grid-align-tablet-left elementor-widget-tablet__width-inherit e-grid-align-mobile-center elementor-shape-rounded elementor-grid-0 elementor-widget elementor-widget-social-icons\" data-id=\"7be515fe\" data-element_type=\"widget\" data-widget_type=\"social-icons.default\">\n\t\t\t\t<div class=\"elementor-widget-container\">\n\t\t\t\t\t\t\t<div class=\"elementor-social-icons-wrapper elementor-grid\" role=\"list\">\n\t\t\t\t\t\t\t<span class=\"elementor-grid-item\" role=\"listitem\">\n\t\t\t\t\t<a class=\"elementor-icon elementor-social-icon elementor-social-icon-facebook elementor-repeater-item-e487838\" href=\"https:\/\/www.facebook.com\/people\/Argisun\/100067763558461\/?locale=es_ES&#038;paipv=0&#038;eav=AfZ7yAGtNcNaQ3WUDIU0ItkH10M5U0D3tM2Skqphmxswc9nEr-Id6KyapZmWIDJEoJ4&#038;_rdr\" target=\"_blank\">\n\t\t\t\t\t\t<span class=\"elementor-screen-only\">Facebook<\/span>\n\t\t\t\t\t\t<i aria-hidden=\"true\" class=\"fab fa-facebook\"><\/i>\t\t\t\t\t<\/a>\n\t\t\t\t<\/span>\n\t\t\t\t\t\t\t<span class=\"elementor-grid-item\" role=\"listitem\">\n\t\t\t\t\t<a class=\"elementor-icon elementor-social-icon elementor-social-icon-twitter elementor-repeater-item-13a5be7\" href=\"https:\/\/twitter.com\/Argisunsl\" target=\"_blank\">\n\t\t\t\t\t\t<span class=\"elementor-screen-only\">Twitter<\/span>\n\t\t\t\t\t\t<i aria-hidden=\"true\" class=\"fab fa-twitter\"><\/i>\t\t\t\t\t<\/a>\n\t\t\t\t<\/span>\n\t\t\t\t\t<\/div>\n\t\t\t\t\t\t<\/div>\n\t\t\t\t<\/div>\n\t\t\t\t<\/div>\n\t\t\t\t<\/div>\n\t\t\t\t<\/div>\n\t\t<div class=\"elementor-element elementor-element-e91160e e-con-full e-flex e-con e-parent\" data-id=\"e91160e\" data-element_type=\"container\">\n\t\t\t\t<div class=\"elementor-element elementor-element-cd600fa elementor-widget elementor-widget-google_maps\" data-id=\"cd600fa\" data-element_type=\"widget\" data-widget_type=\"google_maps.default\">\n\t\t\t\t<div class=\"elementor-widget-container\">\n\t\t\t\t\t\t\t<div class=\"elementor-custom-embed\">\n\t\t\t<iframe loading=\"lazy\"\n\t\t\t\t\tsrc=\"https:\/\/www.google.com\/maps\/embed\/v1\/place?key=AIzaSyD_OTUOwK1l5DsfTPROnSx2LhsOULPflLU&#038;q=Basadi%205%2C%20Zumaia&#038;zoom=14\"\n\t\t\t\t\ttitle=\"Basadi 5, Zumaia\"\n\t\t\t\t\taria-label=\"Basadi 5, Zumaia\"\n\t\t\t><\/iframe>\n\t\t<\/div>\n\t\t\t\t\t\t<\/div>\n\t\t\t\t<\/div>\n\t\t\t\t<\/div>\n\t\t\t\t<\/div>\n\t\t","protected":false},"excerpt":{"rendered":"<p>info@argisun.com Idatzi energia berriztagarrietako gute produktu edo zerbitzuetan interesatua bazaude. Harremanetarako datuak ere hemen idatz ditzakezu, eta guk lehenbailehen deituko dugu. Bisitatu Basadi 5 20750 ZUMAIA Idatzi info@argisun.com Deitu 943 86 19 95 Jarraitu Facebook Twitter<\/p>\n","protected":false},"author":1,"featured_media":0,"parent":0,"menu_order":0,"comment_status":"closed","ping_status":"closed","template":"elementor_header_footer","meta":{"_acf_changed":false,"footnotes":""},"class_list":["post-1818","page","type-page","status-publish","hentry"],"acf":[],"yoast_head":"<!-- This site is optimized with the Yoast SEO plugin v27.3 - https:\/\/yoast.com\/product\/yoast-seo-wordpress\/ -->\n<title>Kontaktua - ARGISUN Soluciones energ\u00e9ticas en Gipuzkoa<\/title>\n<meta name=\"description\" content=\"Idatzi energia berriztagarrietako gute produktu edo zerbitzuetan interesatua bazaude. r fotovoltaica eta termikoa, klimatizazio sistemak\" \/>\n<meta name=\"robots\" content=\"index, follow, max-snippet:-1, max-image-preview:large, max-video-preview:-1\" \/>\n<link rel=\"canonical\" href=\"https:\/\/argisun.com\/eu\/kontaktua\/\" \/>\n<meta property=\"og:locale\" content=\"eu_ES\" \/>\n<meta property=\"og:type\" content=\"article\" \/>\n<meta property=\"og:title\" content=\"Kontaktua - ARGISUN Soluciones energ\u00e9ticas en Gipuzkoa\" \/>\n<meta property=\"og:description\" content=\"Idatzi energia berriztagarrietako gute produktu edo zerbitzuetan interesatua bazaude. r fotovoltaica eta termikoa, klimatizazio sistemak\" \/>\n<meta property=\"og:url\" content=\"https:\/\/argisun.com\/eu\/kontaktua\/\" \/>\n<meta property=\"og:site_name\" content=\"ARGISUN Soluciones energ\u00e9ticas\" \/>\n<meta property=\"article:publisher\" content=\"https:\/\/www.facebook.com\/profile.php?id=100067763558461&amp;locale=es_ES\" \/>\n<meta property=\"article:modified_time\" content=\"2023-09-27T11:09:42+00:00\" \/>\n<meta property=\"og:image\" content=\"https:\/\/argisun.com\/wp-content\/uploads\/2023\/09\/Captura-de-pantalla-2023-09-14-a-las-17.58.42.png\" \/>\n\t<meta property=\"og:image:width\" content=\"1760\" \/>\n\t<meta property=\"og:image:height\" content=\"1187\" \/>\n\t<meta property=\"og:image:type\" content=\"image\/png\" \/>\n<meta name=\"twitter:card\" content=\"summary_large_image\" \/>\n<meta name=\"twitter:site\" content=\"@Argisunsl\" \/>\n<script type=\"application\/ld+json\" class=\"yoast-schema-graph\">{\"@context\":\"https:\\\/\\\/schema.org\",\"@graph\":[{\"@type\":\"WebPage\",\"@id\":\"https:\\\/\\\/argisun.com\\\/eu\\\/kontaktua\\\/\",\"url\":\"https:\\\/\\\/argisun.com\\\/eu\\\/kontaktua\\\/\",\"name\":\"Kontaktua - ARGISUN Soluciones energ\u00e9ticas en Gipuzkoa\",\"isPartOf\":{\"@id\":\"https:\\\/\\\/argisun.com\\\/eu\\\/#website\"},\"datePublished\":\"2023-06-12T10:46:57+00:00\",\"dateModified\":\"2023-09-27T11:09:42+00:00\",\"description\":\"Idatzi energia berriztagarrietako gute produktu edo zerbitzuetan interesatua bazaude. r fotovoltaica eta termikoa, klimatizazio sistemak\",\"breadcrumb\":{\"@id\":\"https:\\\/\\\/argisun.com\\\/eu\\\/kontaktua\\\/#breadcrumb\"},\"inLanguage\":\"eu-ES\",\"potentialAction\":[{\"@type\":\"ReadAction\",\"target\":[\"https:\\\/\\\/argisun.com\\\/eu\\\/kontaktua\\\/\"]}]},{\"@type\":\"BreadcrumbList\",\"@id\":\"https:\\\/\\\/argisun.com\\\/eu\\\/kontaktua\\\/#breadcrumb\",\"itemListElement\":[{\"@type\":\"ListItem\",\"position\":1,\"name\":\"Home\",\"item\":\"https:\\\/\\\/argisun.com\\\/eu\\\/\"},{\"@type\":\"ListItem\",\"position\":2,\"name\":\"Kontaktua\"}]},{\"@type\":\"WebSite\",\"@id\":\"https:\\\/\\\/argisun.com\\\/eu\\\/#website\",\"url\":\"https:\\\/\\\/argisun.com\\\/eu\\\/\",\"name\":\"ARGISUN Soluciones energ\u00e9ticas\",\"description\":\"Energ\u00eda renovable, solar fotovoltaica, aerotermia, geotermIa, biomasa, climatizaci\u00f3n y ventilaci\u00f3n\",\"publisher\":{\"@id\":\"https:\\\/\\\/argisun.com\\\/eu\\\/#organization\"},\"alternateName\":\"argisun\",\"potentialAction\":[{\"@type\":\"SearchAction\",\"target\":{\"@type\":\"EntryPoint\",\"urlTemplate\":\"https:\\\/\\\/argisun.com\\\/eu\\\/?s={search_term_string}\"},\"query-input\":{\"@type\":\"PropertyValueSpecification\",\"valueRequired\":true,\"valueName\":\"search_term_string\"}}],\"inLanguage\":\"eu-ES\"},{\"@type\":\"Organization\",\"@id\":\"https:\\\/\\\/argisun.com\\\/eu\\\/#organization\",\"name\":\"ARGISUN Soluciones energ\u00e9ticas\",\"alternateName\":\"Argisun\",\"url\":\"https:\\\/\\\/argisun.com\\\/eu\\\/\",\"logo\":{\"@type\":\"ImageObject\",\"inLanguage\":\"eu-ES\",\"@id\":\"https:\\\/\\\/argisun.com\\\/eu\\\/#\\\/schema\\\/logo\\\/image\\\/\",\"url\":\"https:\\\/\\\/argisun.com\\\/wp-content\\\/uploads\\\/2023\\\/06\\\/argisun-favicon.png\",\"contentUrl\":\"https:\\\/\\\/argisun.com\\\/wp-content\\\/uploads\\\/2023\\\/06\\\/argisun-favicon.png\",\"width\":2134,\"height\":2134,\"caption\":\"ARGISUN Soluciones energ\u00e9ticas\"},\"image\":{\"@id\":\"https:\\\/\\\/argisun.com\\\/eu\\\/#\\\/schema\\\/logo\\\/image\\\/\"},\"sameAs\":[\"https:\\\/\\\/www.facebook.com\\\/profile.php?id=100067763558461&locale=es_ES\",\"https:\\\/\\\/x.com\\\/Argisunsl\"]}]}<\/script>\n<!-- \/ Yoast SEO plugin. -->","yoast_head_json":{"title":"Kontaktua - ARGISUN Soluciones energ\u00e9ticas en Gipuzkoa","description":"Idatzi energia berriztagarrietako gute produktu edo zerbitzuetan interesatua bazaude. r fotovoltaica eta termikoa, klimatizazio sistemak","robots":{"index":"index","follow":"follow","max-snippet":"max-snippet:-1","max-image-preview":"max-image-preview:large","max-video-preview":"max-video-preview:-1"},"canonical":"https:\/\/argisun.com\/eu\/kontaktua\/","og_locale":"eu_ES","og_type":"article","og_title":"Kontaktua - ARGISUN Soluciones energ\u00e9ticas en Gipuzkoa","og_description":"Idatzi energia berriztagarrietako gute produktu edo zerbitzuetan interesatua bazaude. r fotovoltaica eta termikoa, klimatizazio sistemak","og_url":"https:\/\/argisun.com\/eu\/kontaktua\/","og_site_name":"ARGISUN Soluciones energ\u00e9ticas","article_publisher":"https:\/\/www.facebook.com\/profile.php?id=100067763558461&locale=es_ES","article_modified_time":"2023-09-27T11:09:42+00:00","og_image":[{"width":1760,"height":1187,"url":"https:\/\/argisun.com\/wp-content\/uploads\/2023\/09\/Captura-de-pantalla-2023-09-14-a-las-17.58.42.png","type":"image\/png"}],"twitter_card":"summary_large_image","twitter_site":"@Argisunsl","schema":{"@context":"https:\/\/schema.org","@graph":[{"@type":"WebPage","@id":"https:\/\/argisun.com\/eu\/kontaktua\/","url":"https:\/\/argisun.com\/eu\/kontaktua\/","name":"Kontaktua - ARGISUN Soluciones energ\u00e9ticas en Gipuzkoa","isPartOf":{"@id":"https:\/\/argisun.com\/eu\/#website"},"datePublished":"2023-06-12T10:46:57+00:00","dateModified":"2023-09-27T11:09:42+00:00","description":"Idatzi energia berriztagarrietako gute produktu edo zerbitzuetan interesatua bazaude. r fotovoltaica eta termikoa, klimatizazio sistemak","breadcrumb":{"@id":"https:\/\/argisun.com\/eu\/kontaktua\/#breadcrumb"},"inLanguage":"eu-ES","potentialAction":[{"@type":"ReadAction","target":["https:\/\/argisun.com\/eu\/kontaktua\/"]}]},{"@type":"BreadcrumbList","@id":"https:\/\/argisun.com\/eu\/kontaktua\/#breadcrumb","itemListElement":[{"@type":"ListItem","position":1,"name":"Home","item":"https:\/\/argisun.com\/eu\/"},{"@type":"ListItem","position":2,"name":"Kontaktua"}]},{"@type":"WebSite","@id":"https:\/\/argisun.com\/eu\/#website","url":"https:\/\/argisun.com\/eu\/","name":"ARGISUN Soluciones energ\u00e9ticas","description":"Energ\u00eda renovable, solar fotovoltaica, aerotermia, geotermIa, biomasa, climatizaci\u00f3n y ventilaci\u00f3n","publisher":{"@id":"https:\/\/argisun.com\/eu\/#organization"},"alternateName":"argisun","potentialAction":[{"@type":"SearchAction","target":{"@type":"EntryPoint","urlTemplate":"https:\/\/argisun.com\/eu\/?s={search_term_string}"},"query-input":{"@type":"PropertyValueSpecification","valueRequired":true,"valueName":"search_term_string"}}],"inLanguage":"eu-ES"},{"@type":"Organization","@id":"https:\/\/argisun.com\/eu\/#organization","name":"ARGISUN Soluciones energ\u00e9ticas","alternateName":"Argisun","url":"https:\/\/argisun.com\/eu\/","logo":{"@type":"ImageObject","inLanguage":"eu-ES","@id":"https:\/\/argisun.com\/eu\/#\/schema\/logo\/image\/","url":"https:\/\/argisun.com\/wp-content\/uploads\/2023\/06\/argisun-favicon.png","contentUrl":"https:\/\/argisun.com\/wp-content\/uploads\/2023\/06\/argisun-favicon.png","width":2134,"height":2134,"caption":"ARGISUN Soluciones energ\u00e9ticas"},"image":{"@id":"https:\/\/argisun.com\/eu\/#\/schema\/logo\/image\/"},"sameAs":["https:\/\/www.facebook.com\/profile.php?id=100067763558461&locale=es_ES","https:\/\/x.com\/Argisunsl"]}]}},"_links":{"self":[{"href":"https:\/\/argisun.com\/eu\/wp-json\/wp\/v2\/pages\/1818","targetHints":{"allow":["GET"]}}],"collection":[{"href":"https:\/\/argisun.com\/eu\/wp-json\/wp\/v2\/pages"}],"about":[{"href":"https:\/\/argisun.com\/eu\/wp-json\/wp\/v2\/types\/page"}],"author":[{"embeddable":true,"href":"https:\/\/argisun.com\/eu\/wp-json\/wp\/v2\/users\/1"}],"replies":[{"embeddable":true,"href":"https:\/\/argisun.com\/eu\/wp-json\/wp\/v2\/comments?post=1818"}],"version-history":[{"count":16,"href":"https:\/\/argisun.com\/eu\/wp-json\/wp\/v2\/pages\/1818\/revisions"}],"predecessor-version":[{"id":2292,"href":"https:\/\/argisun.com\/eu\/wp-json\/wp\/v2\/pages\/1818\/revisions\/2292"}],"wp:attachment":[{"href":"https:\/\/argisun.com\/eu\/wp-json\/wp\/v2\/media?parent=1818"}],"curies":[{"name":"wp","href":"https:\/\/api.w.org\/{rel}","templated":true}]}}